{"id":92,"date":"2022-07-21T17:58:17","date_gmt":"2022-07-21T20:58:17","guid":{"rendered":"https:\/\/espacos.info\/wp\/vadico\/?page_id=92"},"modified":"2023-04-17T18:14:48","modified_gmt":"2023-04-17T18:14:48","slug":"capa","status":"publish","type":"page","link":"https:\/\/vadicogogliano.com\/","title":{"rendered":"Capa"},"content":{"rendered":"<p>[et_pb_section fb_built=&#8221;1&#8243; _builder_version=&#8221;4.6.4&#8243; _module_preset=&#8221;default&#8221; background_enable_color=&#8221;off&#8221; use_background_color_gradient=&#8221;on&#8221; background_color_gradient_start=&#8221;rgba(219,194,161,0.45)&#8221; background_color_gradient_end=&#8221;#ffffff&#8221; background_color_gradient_type=&#8221;radial&#8221; background_image=&#8221;https:\/\/vadicogogliano.com\/wp-content\/uploads\/2022\/12\/bg-vadico.jpg&#8221; background_size=&#8221;initial&#8221; background_repeat=&#8221;repeat&#8221; custom_margin=&#8221;0px|0px|0px|0px|false|false&#8221; custom_padding=&#8221;0px|0px|0px|0px|false|false&#8221; border_color_all=&#8221;rgba(0,0,0,0)&#8221;][et_pb_row _builder_version=&#8221;4.6.4&#8243; _module_preset=&#8221;default&#8221;][et_pb_column type=&#8221;4_4&#8243; _builder_version=&#8221;4.6.4&#8243; _module_preset=&#8221;default&#8221;][et_pb_code _builder_version=&#8221;4.6.4&#8243; _module_preset=&#8221;default&#8221;]<iframe loading=\"lazy\" width=\"1280\" height=\"720\" src=\"https:\/\/www.youtube.com\/embed\/iac38-tbeAQ?autoplay=1&#038;mute=1\" title=\"M\u00fasicas In\u00e9ditas de Vadico s\u00e3o encontradas no EUA\" frameborder=\"0\" allow=\"accelerometer; autoplay; clipboard-write; encrypted-media; gyroscope; picture-in-picture; web-share\" allowfullscreen><\/iframe>[\/et_pb_code][et_pb_image src=&#8221;https:\/\/vadicogogliano.com\/wp-content\/uploads\/2022\/12\/vadico-capa-nova.png&#8221; alt=&#8221;Vadico&#8221; title_text=&#8221;vadico-capa-nova&#8221; align=&#8221;center&#8221; src_tablet=&#8221;https:\/\/vadicogogliano.com\/wp-content\/uploads\/2022\/12\/vadico-capa-nova.png&#8221; src_phone=&#8221;https:\/\/vadicogogliano.com\/wp-content\/uploads\/2022\/12\/vadico-capa-nova.png&#8221; src_last_edited=&#8221;on|phone&#8221; _builder_version=&#8221;4.6.4&#8243; _module_preset=&#8221;default&#8221; max_height=&#8221;75vh&#8221;][\/et_pb_image][et_pb_text _builder_version=&#8221;4.6.4&#8243; _module_preset=&#8221;default&#8221; text_orientation=&#8221;center&#8221;]<\/p>\n<h1>Vadico Gogliano<\/h1>\n<p>[\/et_pb_text][et_pb_text _builder_version=&#8221;4.6.4&#8243; _module_preset=&#8221;default&#8221; text_orientation=&#8221;center&#8221;]<\/p>\n<h5><span style=\"font-size: 16px;\">Este site foi desenvolvido para preservar a mem\u00f3ria de um dos maiores m\u00fasicos brasileiros.<\/span><\/h5>\n<p>[\/et_pb_text][et_pb_image src=&#8221;https:\/\/vadicogogliano.com\/wp-content\/uploads\/2022\/11\/regua-PROAC-LAB-GESP-GovFed-HORIZONTAL.png&#8221; title_text=&#8221;regua-PROAC-LAB-GESP-GovFed-HORIZONTAL&#8221; align=&#8221;center&#8221; _builder_version=&#8221;4.6.4&#8243; _module_preset=&#8221;default&#8221;][\/et_pb_image][\/et_pb_column][\/et_pb_row][\/et_pb_section]<\/p>\n","protected":false},"excerpt":{"rendered":"<p>[et_pb_section fb_built=&#8221;1&#8243; _builder_version=&#8221;4.6.4&#8243; _module_preset=&#8221;default&#8221; background_enable_color=&#8221;off&#8221; use_background_color_gradient=&#8221;on&#8221; background_color_gradient_start=&#8221;rgba(219,194,161,0.45)&#8221; background_color_gradient_end=&#8221;#ffffff&#8221; background_color_gradient_type=&#8221;radial&#8221; background_image=&#8221;https:\/\/vadicogogliano.com\/wp-content\/uploads\/2022\/12\/bg-vadico.jpg&#8221; background_size=&#8221;initial&#8221; background_repeat=&#8221;repeat&#8221; custom_margin=&#8221;0px|0px|0px|0px|false|false&#8221; custom_padding=&#8221;0px|0px|0px|0px|false|false&#8221; border_color_all=&#8221;rgba(0,0,0,0)&#8221;][et_pb_row _builder_version=&#8221;4.6.4&#8243; _module_preset=&#8221;default&#8221;][et_pb_column type=&#8221;4_4&#8243; _builder_version=&#8221;4.6.4&#8243; _module_preset=&#8221;default&#8221;][et_pb_code _builder_version=&#8221;4.6.4&#8243; _module_preset=&#8221;default&#8221;][\/et_pb_code][et_pb_image src=&#8221;https:\/\/vadicogogliano.com\/wp-content\/uploads\/2022\/12\/vadico-capa-nova.png&#8221; alt=&#8221;Vadico&#8221; title_text=&#8221;vadico-capa-nova&#8221; align=&#8221;center&#8221; src_tablet=&#8221;https:\/\/vadicogogliano.com\/wp-content\/uploads\/2022\/12\/vadico-capa-nova.png&#8221; src_phone=&#8221;https:\/\/vadicogogliano.com\/wp-content\/uploads\/2022\/12\/vadico-capa-nova.png&#8221; src_last_edited=&#8221;on|phone&#8221; _builder_version=&#8221;4.6.4&#8243; _module_preset=&#8221;default&#8221; max_height=&#8221;75vh&#8221;][\/et_pb_image][et_pb_text _builder_version=&#8221;4.6.4&#8243; _module_preset=&#8221;default&#8221; text_orientation=&#8221;center&#8221;] Vadico Gogliano [\/et_pb_text][et_pb_text _builder_version=&#8221;4.6.4&#8243; _module_preset=&#8221;default&#8221; text_orientation=&#8221;center&#8221;] Este site foi desenvolvido para preservar a mem\u00f3ria de um dos maiores m\u00fasicos brasileiros. [&hellip;]<\/p>\n","protected":false},"author":1,"featured_media":0,"parent":0,"menu_order":0,"comment_status":"closed","ping_status":"closed","template":"","meta":{"_et_pb_use_builder":"on","_et_pb_old_content":"","_et_gb_content_width":""},"_links":{"self":[{"href":"https:\/\/vadicogogliano.com\/index.php?rest_route=\/wp\/v2\/pages\/92"}],"collection":[{"href":"https:\/\/vadicogogliano.com\/index.php?rest_route=\/wp\/v2\/pages"}],"about":[{"href":"https:\/\/vadicogogliano.com\/index.php?rest_route=\/wp\/v2\/types\/page"}],"author":[{"embeddable":true,"href":"https:\/\/vadicogogliano.com\/index.php?rest_route=\/wp\/v2\/users\/1"}],"replies":[{"embeddable":true,"href":"https:\/\/vadicogogliano.com\/index.php?rest_route=%2Fwp%2Fv2%2Fcomments&post=92"}],"version-history":[{"count":71,"href":"https:\/\/vadicogogliano.com\/index.php?rest_route=\/wp\/v2\/pages\/92\/revisions"}],"predecessor-version":[{"id":1414,"href":"https:\/\/vadicogogliano.com\/index.php?rest_route=\/wp\/v2\/pages\/92\/revisions\/1414"}],"wp:attachment":[{"href":"https:\/\/vadicogogliano.com\/index.php?rest_route=%2Fwp%2Fv2%2Fmedia&parent=92"}],"curies":[{"name":"wp","href":"https:\/\/api.w.org\/{rel}","templated":true}]}}