{"id":143,"date":"2022-08-16T14:11:49","date_gmt":"2022-08-16T14:11:49","guid":{"rendered":"https:\/\/espacos.info\/wp\/vadico\/?page_id=143"},"modified":"2024-09-04T18:13:48","modified_gmt":"2024-09-04T18:13:48","slug":"a-pesquisa","status":"publish","type":"page","link":"https:\/\/vadicogogliano.com\/?page_id=143","title":{"rendered":"A Pesquisa"},"content":{"rendered":"<p>[et_pb_section fb_built=&#8221;1&#8243; _builder_version=&#8221;4.6.4&#8243; _module_preset=&#8221;default&#8221; custom_padding=&#8221;40px|||||&#8221;][et_pb_row _builder_version=&#8221;4.6.4&#8243; _module_preset=&#8221;default&#8221;][et_pb_column type=&#8221;4_4&#8243; _builder_version=&#8221;4.6.4&#8243; _module_preset=&#8221;default&#8221;][et_pb_text _builder_version=&#8221;4.6.4&#8243; _module_preset=&#8221;default&#8221;]<\/p>\n<h1>A Pesquisa<\/h1>\n<p>[\/et_pb_text][\/et_pb_column][\/et_pb_row][et_pb_row column_structure=&#8221;1_2,1_2&#8243; _builder_version=&#8221;4.6.4&#8243; _module_preset=&#8221;default&#8221;][et_pb_column type=&#8221;1_2&#8243; _builder_version=&#8221;4.6.4&#8243; _module_preset=&#8221;default&#8221;][et_pb_image src=&#8221;https:\/\/vadicogogliano.com\/wp-content\/uploads\/2022\/11\/vadico-posando.png&#8221; title_text=&#8221;vadico posando&#8221; show_in_lightbox=&#8221;on&#8221; _builder_version=&#8221;4.6.4&#8243; _module_preset=&#8221;default&#8221;][\/et_pb_image][\/et_pb_column][et_pb_column type=&#8221;1_2&#8243; _builder_version=&#8221;4.6.4&#8243; _module_preset=&#8221;default&#8221;][et_pb_text _builder_version=&#8221;4.6.4&#8243; _module_preset=&#8221;default&#8221;]<\/p>\n<p>A pesquisa sobre VADICO possui duas a\u00e7\u00f5es principais: a <span style=\"background-color: #dcedee; padding: 3px; border-radius: 15px; font-size: 14px;\"><strong>organiza\u00e7\u00e3o<\/strong><\/span>\u00a0de todo material que foi poss\u00edvel localizar sobre o compositor e\u00a0a <span style=\"background-color: #dcedee; padding: 3px; border-radius: 15px; font-size: 14px;\"><strong>descoberta<\/strong><\/span> de mais de 500 p\u00e1ginas de partituras in\u00e9ditas. A partir das informa\u00e7\u00f5es levantadas, o objetivo \u00e9 produzir bens culturais que referencie o compositor em sua import\u00e2ncia.<\/p>\n<p>Al\u00e9m deste <span style=\"background-color: #e0bf79; padding: 3px; border-radius: 15px; font-size: 14px;\"><strong>site<\/strong><\/span>, ser\u00e3o elaborados um <span style=\"background-color: #e0bf79; padding: 3px; border-radius: 15px; font-size: 14px;\"><strong>songbook<\/strong><\/span> com onze obras instrumentais do compositor; um <span style=\"background-color: #e0bf79; padding: 3px; border-radius: 15px; font-size: 14px;\"><strong>projeto musical<\/strong><\/span> para grava\u00e7\u00e3o das obras in\u00e9ditas e releituras; e, possivelmente, um document\u00e1rio.<\/p>\n<p>Apesar de ter sido aqui sistematizada pelo m\u00fasico Franco Galv\u00e3o, a pesquisa foi feita coletivamente, a partir do esfor\u00e7o e do conhecimento de diversas pessoas e entidades.<\/p>\n<p>Quanto \u00e0 <span style=\"background-color: #dcedee; padding: 3px; border-radius: 15px; font-size: 14px;\"><strong>organiza\u00e7\u00e3o<\/strong><\/span> do material, a pesquisa tem como refer\u00eancia as duas maiores fontes j\u00e1 produzidas sobre a vida e obra de VADICO, a biografia &#8220;<a href=\"https:\/\/editoranoir.com.br\/obras\/pra-que-mentir\" target=\"_blank\" rel=\"noopener\">Pra Que Mentir?<\/a>&#8220;, de Gon\u00e7alo Junior; e o podcast da R\u00e1dio Batuta, &#8220;<a href=\"https:\/\/radiobatuta.ims.com.br\/documentarios\/o-feitico-e-o-feitio-de-vadico\" target=\"_blank\" rel=\"noopener\">O feiti\u00e7o e o feitio de Vadico<\/a>&#8221; com concep\u00e7\u00e3o, roteiro e apresenta\u00e7\u00e3o de Jo\u00e3o M\u00e1ximo.<\/p>\n<p>Com base nas informa\u00e7\u00f5es apresentadas por essas duas m\u00eddias, foram utilizados\u00a0diversos acervos virtuais\u00a0para se levantar um &#8220;invent\u00e1rio fonogr\u00e1fico&#8221; do compositor &#8211; que est\u00e1 organizado na\u00a0<a href=\"https:\/\/vadicogogliano.com\/linha-do-tempo\" target=\"_blank\" rel=\"noopener\">Linha do Tempo<\/a> e na <a href=\"https:\/\/vadicogogliano.com\/linha-do-tempo\" target=\"_blank\" rel=\"noopener\">Discografia<\/a>. Certamente, os mais relevantes s\u00e3o\u00a0<a href=\"https:\/\/discografiabrasileira.com.br\" target=\"_blank\" rel=\"noopener\"><em>Discografia Brasileira<\/em><\/a>, do Instituto Moreira Salles; <em><a href=\"https:\/\/immub.org\" target=\"_blank\" rel=\"noopener\">Instituto Mem\u00f3ria Musical Brasilera<\/a>; <\/em>e\u00a0<a href=\"https:\/\/discosdobrasil.com.br\" target=\"_blank\" rel=\"noopener\"><em>Discos do Brasil<\/em><\/a>, organizado pela jornalista e music\u00f3loga Maria Luiza Kfouri.<\/p>\n<p>[\/et_pb_text][\/et_pb_column][\/et_pb_row][et_pb_row _builder_version=&#8221;4.6.4&#8243; _module_preset=&#8221;default&#8221; custom_margin_tablet=&#8221;&#8221; custom_margin_phone=&#8221;-3.2em||||false|false&#8221; custom_margin_last_edited=&#8221;on|phone&#8221;][et_pb_column type=&#8221;4_4&#8243; _builder_version=&#8221;4.6.4&#8243; _module_preset=&#8221;default&#8221;][et_pb_text _builder_version=&#8221;4.6.4&#8243; _module_preset=&#8221;default&#8221;]<\/p>\n<p>Do mesmo modo, cita-se as bases de dados do <a href=\"https:\/\/www.ecadnet.org.br\/client\/app\/#\/home\" target=\"_blank\" rel=\"noopener\"><em>Ecadnet<\/em><\/a>; das associa\u00e7\u00f5es de compositores\u00a0<em>Amar<\/em>, <em>Abramus<\/em>, <em>Assim<\/em>, <em>Sbacem<\/em>, <em>Sicam<\/em>, <em>Socinpro<\/em> e <em>UBC<\/em>; e das editoras <em>Irm\u00e3os Vitale<\/em>, <em>Universal Music Brasil, Fermata\u00a0<\/em>e, em especial, a\u00a0<span><em>Mangione Filhos e Cia<\/em>, que manteve armazenadas por 60 anos as partituras de duas m\u00fasicas.\u00a0<\/span><\/p>\n<p>Outra base usada, pouco conhecida, mas muito preciosa, foi a <a href=\"https:\/\/www.discogs.com\/\" target=\"_blank\" rel=\"noopener\"><em>Discogs<\/em><\/a> &#8211; a maior plataforma online de compra e venda de discos. L\u00e1 foi poss\u00edvel localizar e adquirir uma s\u00e9rie de discos dos quais se suspeitava encontrar a participa\u00e7\u00e3o de VADICO.<\/p>\n<p>E, tamb\u00e9m, \u00e9 claro, foi poss\u00edvel encontrar pe\u00e7as surpreendentes da produ\u00e7\u00e3o de VADICO nas plataformas do <em>Youtube<\/em> e de\u00a0<em>Spotify<\/em>.<\/p>\n<p>A consulta de mat\u00e9rias de jornais para verificar os fatos da vida de VADICO e os acontecimentos ocorridos no tempo em que viveu foi a <a href=\"http:\/\/bndigital.bn.gov.br\/hemeroteca-digital\/\" target=\"_blank\" rel=\"noopener\">Hemeroteca Digital<\/a>\u00a0da Biblioteca Nacional, na qual \u00e9 poss\u00edvel acessar as edi\u00e7\u00f5es dos principais jornais e revistas brasileiros publicadas durante o S\u00e9culo XX. As mat\u00e9rias sobre VADICO est\u00e3o dispon\u00edveis ao longo da\u00a0<a href=\"https:\/\/vadicogogliano.com\/linha-do-tempo\" target=\"_blank\" rel=\"noopener\">Linha do Tempo<\/a>.<\/p>\n<p>Foram muitas as pessoas consultadas, sem as quais a pesquisa n\u00e3o teria a mesma contund\u00eancia. Os bi\u00f3grafos de Noel Rosa, Carlos Didier e Jo\u00e3o M\u00e1ximo, bem como o autor da biografia de Marino Pinto, Andr\u00e9 C\u00e2mara, foram de fundamental import\u00e2ncia para se entender a trajet\u00f3ria de VADICO.<\/p>\n<p>Os colecionadores de vinil Miguel Nirez, Adilson Santos, Gilberto In\u00e1cio Gon\u00e7alvez e Miguel Bragioni forneceram informa\u00e7\u00f5es indispens\u00e1veis sobre a produ\u00e7\u00e3o de 78RPM do compositor.<\/p>\n<p>Os m\u00fasicos Jayme Vignoli, Cristov\u00e3o Bastos e Rildo Hora contribu\u00edram imensamente para entender quem foi o VADICO que viveu no Rio de Janeiro dos anos 50; o pianista Amilton Godoy, para a localiza\u00e7\u00e3o de informa\u00e7\u00f5es sobre m\u00fasicas in\u00e9ditas.<\/p>\n<p>A pessoa que merece destaque para o desenvolvimento dessa pesquisa \u00e9 Itamar Dantas. O pesquisador foi quem primeiro encontrou os fonogramas do \u00e1lbum &#8220;Voyage au Br\u00e9sil&#8221; de Katherine Dunham &#8211;\u00a0tr\u00eas choros descritos sob autoria de Vadico Gogliano\u00a0&#8211; e incentivou o m\u00fasico Franco Galv\u00e3o a continuar a investiga\u00e7\u00e3o sobre o compositor.<\/p>\n<p>A <span style=\"background-color: #dcedee; padding: 3px; border-radius: 15px; font-size: 14px;\"><strong>descoberta<\/strong><\/span>\u00a0das partituras in\u00e9ditas se deve ao esfor\u00e7o extraordin\u00e1rio das institui\u00e7\u00f5es estadunidenses que se dedicam em manter o acervo de Katherine Dunham. O museu de Katherine, localizado em Saint Louis (EUA), foi a entidade que colocou\u00a0Franco Galv\u00e3o\u00a0<span>em contato com Marie-Cristine Dunham Pratt, filha da bailarina. Ela instruiu o m\u00fasico a investigar sobre a passagem de VADICO pela companhia da m\u00e3e na <a href=\"https:\/\/scrc.siu.edu\" target=\"_blank\" rel=\"noopener\"><em>Special Collections<\/em><\/a> de Katherine Dunham, mantido pela Morris Library, da Southern Illinois University.<\/span><\/p>\n<p>Depois de realizar uma busca criteriosa no cat\u00e1logo online da Biblioteca, Franco Galv\u00e3o identificou que existiam caixas e pastas na cole\u00e7\u00e3o com o t\u00edtulo &#8220;Choro&#8221;, e que poss\u00edvelmente poderiam conter m\u00fasicas in\u00e9ditas de VADICO.<\/p>\n<p>Talvez a pessoa mais essencial para o descobrimento das partituras in\u00e9ditas seja Matthew Gorzalsky, arquivista da <em>Special Collections<\/em> de Katherine. A pedido de Franco Galv\u00e3o, Matthew passou dois meses escaneando um total de 541 p\u00e1ginas de partituras manuscritas de diversas naturezas, com tamanhos e formatos distintos. As partituras t\u00eam mais de 60 anos de idade e necessitam receber tratamento cuidadoso. Felizmente, a maior parte estava em excelentes condi\u00e7\u00f5es.<\/p>\n<p>Com os arquivos da vers\u00e3o escaneada das partituras em m\u00e3os, Franco realizou um processo de identifica\u00e7\u00e3o e cataloga\u00e7\u00e3o. O m\u00fasico ent\u00e3o inseriu nota por nota no software de edi\u00e7\u00e3o de partituras, para remontar as m\u00fasicas digitalmente. O resultado foi a restaura\u00e7\u00e3o de oito m\u00fasicas completamente desconhecidas, com formato para grandes forma\u00e7\u00f5es, como orquestra jazz sinf\u00f4nica, big band e orquestra de cordas.<\/p>\n<p>Posteriormente, Franco Galv\u00e3o viajou para a Southern Illinois University com o objetivo de verificar se seria poss\u00edvel encontrar mais materiais musicais de VADICO, para al\u00e9m do que j\u00e1 tinha sido recuperado. Nesta ocasi\u00e3o, o m\u00fasico tamb\u00e9m realizou uma palestra sobre a pesquisa e um concerto musical com um quarteto de cordas formado por alunos e professores do departamento de m\u00fasica da universidade.<\/p>\n<p>Al\u00e9m do mais, durante a viagem, foram feitas filmagens do arquivo, de Matthew Gorzalsky e do m\u00fasico Franco Galv\u00e3o, para que futuramente seja elaborado um document\u00e1rio sobre o\u00a0compositor.<\/p>\n<p><span style=\"font-size: 14px;\">Al\u00e9m do designer <\/span><span style=\"font-size: 14px;\">Eduardo Palazzo, este <\/span><span style=\"font-size: 14px; background-color: #e0bf79; padding: 3px; border-radius: 15px;\"><strong>site<\/strong><\/span><span style=\"font-size: 14px;\"> foi constru\u00eddo sob o olhar cuidadoso das produtoras Jeanne de Castro e Let\u00edcia Andrade. Juntas, as duas coordenaram a feitura da plataforma e da organiza\u00e7\u00e3o do conte\u00fado. Al\u00e9m disso, foram respons\u00e1veis pelo levantamento e a produ\u00e7\u00e3o da aba <\/span><a href=\"https:\/\/vadicogogliano.com\/discografia\" target=\"_blank\" rel=\"noopener\" style=\"font-size: 14px;\">Discografia<\/a><span style=\"font-size: 14px;\">, e da revis\u00e3o final do site.<\/span><\/p>\n<p>O lan\u00e7amento do site foi realizado na Escola de Choro de S\u00e3o Paulo, em dezembro de 2022, em uma noite festiva e de celebra\u00e7\u00f5es sobre a obra de VADICO.<\/p>\n<p>Atualmente, o objetivo \u00e9 criar um <span style=\"background-color: #e0bf79; padding: 3px; border-radius: 15px; font-size: 14px;\"><strong>projeto musical<\/strong><\/span>\u00a0que fa\u00e7a a grava\u00e7\u00e3o das m\u00fasicas desconhecidas e que regrave um conjunto de obras selecionadas de VADICO. Franco Galv\u00e3o teve\u00a0uma proposta musical aprovada com louvor pelo Selo Sesc. O projeto est\u00e1 sendo feito em parceria com a produtora Paula Rocha e segue em elabora\u00e7\u00e3o, com lan\u00e7amento do \u00e1lbum previsto para 2024.<\/p>\n<p>Para encerrar, cabe mencionar que fazer o tratamento de um patrim\u00f4nio cultural \u00e9 uma tarefa delicada. A pesquisa e a constitui\u00e7\u00e3o de bens culturais sobre a produ\u00e7\u00e3o de VADICO GOGLIANO acontece para que haja a consolida\u00e7\u00e3o do compositor\u00a0como sujeito de sua pr\u00f3pria hist\u00f3ria e\u00a0enquanto ativo participante do desenvolvimento da identidade musical brasileira. Portanto, as decis\u00f5es devem ser feitas com cautela, uma vez que estamos abrindo novas percep\u00e7\u00f5es sobre acontecimentos passados e que dizem respeito a outra pessoa.<\/p>\n<p>Por essa raz\u00e3o, \u00e9 preciso agradecer a todos que ouviram atentamente e contribu\u00edram para problematizar as quest\u00f5es mais sens\u00edveis na realiza\u00e7\u00e3o da empreitada. Certamente, o resultado n\u00e3o seria o mesmo sem os apontamentos rigorosos dos amigos Edmilson Capelupi, Bia Paes Leme, Sofia Chiavacci, Maur\u00edcio Esp\u00f3sito, Raphael Machado, Leandro Gomes, Gustavo Torrezan, Roberta Leccese, entre outros que foram mencionados acima &#8211; alguns que inicialmente n\u00e3o eram amigos, mas que ao longo do processo passaram a ser!<\/p>\n<p>\u00c9 tamb\u00e9m fundamental destacar o papel da fam\u00edlia Gogliano em prezar pela heran\u00e7a de Oswaldo Gogliano, o nosso VADICO. Um agradecimento especial para Daisy Gogliano, sobrinha do compositor, que tem colaborado imensamente com as atividades.<\/p>\n<p>[\/et_pb_text][\/et_pb_column][\/et_pb_row][\/et_pb_section]<\/p>\n","protected":false},"excerpt":{"rendered":"<p>[et_pb_section fb_built=&#8221;1&#8243; _builder_version=&#8221;4.6.4&#8243; _module_preset=&#8221;default&#8221; custom_padding=&#8221;40px|||||&#8221;][et_pb_row _builder_version=&#8221;4.6.4&#8243; _module_preset=&#8221;default&#8221;][et_pb_column type=&#8221;4_4&#8243; _builder_version=&#8221;4.6.4&#8243; _module_preset=&#8221;default&#8221;][et_pb_text _builder_version=&#8221;4.6.4&#8243; _module_preset=&#8221;default&#8221;] A Pesquisa [\/et_pb_text][\/et_pb_column][\/et_pb_row][et_pb_row column_structure=&#8221;1_2,1_2&#8243; _builder_version=&#8221;4.6.4&#8243; _module_preset=&#8221;default&#8221;][et_pb_column type=&#8221;1_2&#8243; _builder_version=&#8221;4.6.4&#8243; _module_preset=&#8221;default&#8221;][et_pb_image src=&#8221;https:\/\/vadicogogliano.com\/wp-content\/uploads\/2022\/11\/vadico-posando.png&#8221; title_text=&#8221;vadico posando&#8221; show_in_lightbox=&#8221;on&#8221; _builder_version=&#8221;4.6.4&#8243; _module_preset=&#8221;default&#8221;][\/et_pb_image][\/et_pb_column][et_pb_column type=&#8221;1_2&#8243; _builder_version=&#8221;4.6.4&#8243; _module_preset=&#8221;default&#8221;][et_pb_text _builder_version=&#8221;4.6.4&#8243; _module_preset=&#8221;default&#8221;] A pesquisa sobre VADICO possui duas a\u00e7\u00f5es principais: a organiza\u00e7\u00e3o\u00a0de todo material que foi poss\u00edvel localizar sobre o compositor e\u00a0a descoberta de mais [&hellip;]<\/p>\n","protected":false},"author":1,"featured_media":0,"parent":0,"menu_order":0,"comment_status":"closed","ping_status":"closed","template":"","meta":{"_et_pb_use_builder":"on","_et_pb_old_content":"<!-- wp:paragraph -->\n<p>Sobre a pesquisa<\/p>\n<!-- \/wp:paragraph -->","_et_gb_content_width":"1080"},"_links":{"self":[{"href":"https:\/\/vadicogogliano.com\/index.php?rest_route=\/wp\/v2\/pages\/143"}],"collection":[{"href":"https:\/\/vadicogogliano.com\/index.php?rest_route=\/wp\/v2\/pages"}],"about":[{"href":"https:\/\/vadicogogliano.com\/index.php?rest_route=\/wp\/v2\/types\/page"}],"author":[{"embeddable":true,"href":"https:\/\/vadicogogliano.com\/index.php?rest_route=\/wp\/v2\/users\/1"}],"replies":[{"embeddable":true,"href":"https:\/\/vadicogogliano.com\/index.php?rest_route=%2Fwp%2Fv2%2Fcomments&post=143"}],"version-history":[{"count":107,"href":"https:\/\/vadicogogliano.com\/index.php?rest_route=\/wp\/v2\/pages\/143\/revisions"}],"predecessor-version":[{"id":1419,"href":"https:\/\/vadicogogliano.com\/index.php?rest_route=\/wp\/v2\/pages\/143\/revisions\/1419"}],"wp:attachment":[{"href":"https:\/\/vadicogogliano.com\/index.php?rest_route=%2Fwp%2Fv2%2Fmedia&parent=143"}],"curies":[{"name":"wp","href":"https:\/\/api.w.org\/{rel}","templated":true}]}}